{"id":144,"date":"2025-02-08T10:32:03","date_gmt":"2025-02-08T13:32:03","guid":{"rendered":"https:\/\/aenglishcenter.com.ar\/home\/?page_id=144"},"modified":"2025-02-19T16:32:24","modified_gmt":"2025-02-19T19:32:24","slug":"capacitacion","status":"publish","type":"page","link":"https:\/\/aenglishcenter.com.ar\/home\/capacitacion\/","title":{"rendered":"CAPACITACI\u00d3N"},"content":{"rendered":"\t\t<div data-elementor-type=\"wp-page\" data-elementor-id=\"144\" class=\"elementor elementor-144\" data-elementor-post-type=\"page\">\n\t\t\t\t\t\t<section class=\"elementor-section elementor-top-section elementor-element elementor-element-5d01a45 elementor-section-boxed elementor-section-height-default elementor-section-height-default\" data-id=\"5d01a45\" data-element_type=\"section\">\n\t\t\t\t\t\t<div class=\"elementor-container elementor-column-gap-default\">\n\t\t\t\t\t<div class=\"elementor-column elementor-col-100 elementor-top-column elementor-element elementor-element-99f6b4f\" data-id=\"99f6b4f\" data-element_type=\"column\" data-settings=\"{&quot;background_background&quot;:&quot;classic&quot;}\">\n\t\t\t<div class=\"elementor-widget-wrap elementor-element-populated\">\n\t\t\t\t\t\t<div class=\"elementor-element elementor-element-05ceef8 elementor-widget elementor-widget-spacer\" data-id=\"05ceef8\" data-element_type=\"widget\" data-widget_type=\"spacer.default\">\n\t\t\t\t<div class=\"elementor-widget-container\">\n\t\t\t\t\t\t\t<div class=\"elementor-spacer\">\n\t\t\t<div class=\"elementor-spacer-inner\"><\/div>\n\t\t<\/div>\n\t\t\t\t\t\t<\/div>\n\t\t\t\t<\/div>\n\t\t\t\t<div class=\"elementor-element elementor-element-36cf7cc elementor-widget elementor-widget-heading\" data-id=\"36cf7cc\" data-element_type=\"widget\" data-widget_type=\"heading.default\">\n\t\t\t\t<div class=\"elementor-widget-container\">\n\t\t\t\t\t<h2 class=\"elementor-heading-title elementor-size-default\">CAPACITACI\u00d3N  <\/h2>\t\t\t\t<\/div>\n\t\t\t\t<\/div>\n\t\t\t\t<section class=\"elementor-section elementor-inner-section elementor-element elementor-element-a54c65d elementor-section-boxed elementor-section-height-default elementor-section-height-default\" data-id=\"a54c65d\" data-element_type=\"section\">\n\t\t\t\t\t\t<div class=\"elementor-container elementor-column-gap-default\">\n\t\t\t\t\t<div class=\"elementor-column elementor-col-50 elementor-inner-column elementor-element elementor-element-ee0be3c\" data-id=\"ee0be3c\" data-element_type=\"column\">\n\t\t\t<div class=\"elementor-widget-wrap elementor-element-populated\">\n\t\t\t\t\t\t<div class=\"elementor-element elementor-element-170438e elementor-widget elementor-widget-image\" data-id=\"170438e\" data-element_type=\"widget\" data-widget_type=\"image.default\">\n\t\t\t\t<div class=\"elementor-widget-container\">\n\t\t\t\t\t\t\t\t\t\t\t\t\t\t\t<img fetchpriority=\"high\" decoding=\"async\" width=\"800\" height=\"534\" src=\"https:\/\/aenglishcenter.com.ar\/home\/wp-content\/uploads\/2025\/02\/IMAGEN-51-1024x683.jpg\" class=\"attachment-large size-large wp-image-250\" alt=\"\" srcset=\"https:\/\/aenglishcenter.com.ar\/home\/wp-content\/uploads\/2025\/02\/IMAGEN-51-1024x683.jpg 1024w, https:\/\/aenglishcenter.com.ar\/home\/wp-content\/uploads\/2025\/02\/IMAGEN-51-300x200.jpg 300w, https:\/\/aenglishcenter.com.ar\/home\/wp-content\/uploads\/2025\/02\/IMAGEN-51-768x512.jpg 768w, https:\/\/aenglishcenter.com.ar\/home\/wp-content\/uploads\/2025\/02\/IMAGEN-51-1536x1024.jpg 1536w, https:\/\/aenglishcenter.com.ar\/home\/wp-content\/uploads\/2025\/02\/IMAGEN-51-2048x1365.jpg 2048w\" sizes=\"(max-width: 800px) 100vw, 800px\" \/>\t\t\t\t\t\t\t\t\t\t\t\t\t\t\t<\/div>\n\t\t\t\t<\/div>\n\t\t\t\t\t<\/div>\n\t\t<\/div>\n\t\t\t\t<div class=\"elementor-column elementor-col-50 elementor-inner-column elementor-element elementor-element-cb876db\" data-id=\"cb876db\" data-element_type=\"column\">\n\t\t\t<div class=\"elementor-widget-wrap elementor-element-populated\">\n\t\t\t\t\t\t<div class=\"elementor-element elementor-element-b229b8a elementor-widget__width-initial elementor-widget elementor-widget-text-editor\" data-id=\"b229b8a\" data-element_type=\"widget\" data-widget_type=\"text-editor.default\">\n\t\t\t\t<div class=\"elementor-widget-container\">\n\t\t\t\t\t\t\t\t\t<h6><strong>Nos amoldamos a tus necesidades<\/strong><\/h6><p><strong>Cursos de ingl\u00e9s<\/strong><br \/>&#8211; Clases individuales o en grupos reducidos<br \/>&#8211; Cursos regulares e intensivos<br \/>&#8211; Ingl\u00e9s general e ingl\u00e9s para negocios<br \/>&#8211; Ingl\u00e9s americano y brit\u00e1nico<br \/>&#8211; D\u00edas, horarios y frecuencia a elecci\u00f3n de los alumnos<br \/>&#8211; Se dictan clases in-company o a domicilio<br \/>&#8211; Pr\u00e1ctica oral y de audio-comprensi\u00f3n intensiva<br \/>&#8211; Cursos de conversaci\u00f3n y para viajes<br \/>&#8211; Profesores locales y nativos<br \/>&#8211; Cursos a medida y ense\u00f1anza personalizada<br \/>&#8211; Preparaci\u00f3n de ex\u00e1menes internacionales<br \/>&#8211; Cursos de verano<\/p><p><strong>Metodolog\u00eda<\/strong><br \/>Utilizamos el m\u00e9todo comunicativo de la ense\u00f1anza. En todos los cursos se tratan de desarrollar las cuatro habilidades del idioma, es decir, la comprensi\u00f3n auditiva, la expresi\u00f3n oral, la escritura y la lectura. De acuerdo a las necesidades espec\u00edficas de cada participante, determinadas en la primera entrevista se le da mayor \u00e9nfasis a las \u00e1reas que se consideren prioritarias.<\/p><p><strong>Materiales<\/strong><br \/>Bibliograf\u00eda actualizada<br \/>CDs de audio<br \/>Videos (comerciales, pel\u00edculas, programas de TV)<br \/>Internet<br \/>Multimedia<br \/>Material aut\u00e9ntico de lectura (diarios, revistas)<\/p><p><strong>Cursos en otros idiomas<\/strong><br \/>Portugu\u00e9s<br \/>Franc\u00e9s<br \/>Italiano<br \/>Alem\u00e1n<\/p>\t\t\t\t\t\t\t\t<\/div>\n\t\t\t\t<\/div>\n\t\t\t\t\t<\/div>\n\t\t<\/div>\n\t\t\t\t\t<\/div>\n\t\t<\/section>\n\t\t\t\t\t<\/div>\n\t\t<\/div>\n\t\t\t\t\t<\/div>\n\t\t<\/section>\n\t\t\t\t<\/div>\n\t\t","protected":false},"excerpt":{"rendered":"<p>CAPACITACI\u00d3N Nos amoldamos a tus necesidades Cursos de ingl\u00e9s&#8211; Clases individuales o en grupos reducidos&#8211; Cursos regulares e intensivos&#8211; Ingl\u00e9s general e ingl\u00e9s para negocios&#8211; Ingl\u00e9s americano y brit\u00e1nico&#8211; D\u00edas, horarios y frecuencia a elecci\u00f3n de los alumnos&#8211; Se dictan clases in-company o a domicilio&#8211; Pr\u00e1ctica oral y de audio-comprensi\u00f3n intensiva&#8211; Cursos de conversaci\u00f3n y [&hellip;]<\/p>\n","protected":false},"author":1,"featured_media":0,"parent":0,"menu_order":0,"comment_status":"closed","ping_status":"closed","template":"","meta":{"_joinchat":[],"footnotes":""},"class_list":["post-144","page","type-page","status-publish","hentry"],"_links":{"self":[{"href":"https:\/\/aenglishcenter.com.ar\/home\/wp-json\/wp\/v2\/pages\/144","targetHints":{"allow":["GET"]}}],"collection":[{"href":"https:\/\/aenglishcenter.com.ar\/home\/wp-json\/wp\/v2\/pages"}],"about":[{"href":"https:\/\/aenglishcenter.com.ar\/home\/wp-json\/wp\/v2\/types\/page"}],"author":[{"embeddable":true,"href":"https:\/\/aenglishcenter.com.ar\/home\/wp-json\/wp\/v2\/users\/1"}],"replies":[{"embeddable":true,"href":"https:\/\/aenglishcenter.com.ar\/home\/wp-json\/wp\/v2\/comments?post=144"}],"version-history":[{"count":16,"href":"https:\/\/aenglishcenter.com.ar\/home\/wp-json\/wp\/v2\/pages\/144\/revisions"}],"predecessor-version":[{"id":376,"href":"https:\/\/aenglishcenter.com.ar\/home\/wp-json\/wp\/v2\/pages\/144\/revisions\/376"}],"wp:attachment":[{"href":"https:\/\/aenglishcenter.com.ar\/home\/wp-json\/wp\/v2\/media?parent=144"}],"curies":[{"name":"wp","href":"https:\/\/api.w.org\/{rel}","templated":true}]}}